{"id":122,"date":"2020-04-16T19:28:30","date_gmt":"2020-04-16T17:28:30","guid":{"rendered":"http:\/\/processinformatique.fr\/?page_id=122"},"modified":"2020-04-21T18:33:03","modified_gmt":"2020-04-21T16:33:03","slug":"nos-conseils-performance","status":"publish","type":"page","link":"https:\/\/processinformatique.fr\/index.php\/nos-conseils-performance\/","title":{"rendered":"Nos conseils &#8211; Performance"},"content":{"rendered":"<h3>Voici quelques id\u00e9es pour rendre votre PC plus performant.<\/h3>\n<ul>\n<li>Donnez \u00e0 votre ordinateur un coup de jeunesse en installant un disque SSD (Solid State Drive)<\/li>\n<\/ul>\n<p>Cette technologie est beaucoup plus performante que celle des disques durs (magn\u00e9tiques). Elle permet un d\u00e9marrage tr\u00e8s rapide de votre Windows et de vos applications.<\/p>\n<p>Les SSD sont 10 fois plus rapides que les disques durs et sont plus r\u00e9sistants. Ils offrent des taux de chargement tr\u00e8s rapides pour les applications, les films et les jeux. De plus, ils sont plus l\u00e9gers et consomment moins d\u2019\u00e9nergie, limitant la surchauffe de l\u2019ordinateur.<\/p>\n<p><img loading=\"lazy\" decoding=\"async\" class=\"aligncenter wp-image-169 size-large\" src=\"https:\/\/processinformatique.fr\/wp-content\/uploads\/2020\/04\/disques-1024x367.png\" alt=\"\" width=\"1024\" height=\"367\" srcset=\"https:\/\/processinformatique.fr\/wp-content\/uploads\/2020\/04\/disques-1024x367.png 1024w, https:\/\/processinformatique.fr\/wp-content\/uploads\/2020\/04\/disques-300x108.png 300w, https:\/\/processinformatique.fr\/wp-content\/uploads\/2020\/04\/disques-768x275.png 768w, https:\/\/processinformatique.fr\/wp-content\/uploads\/2020\/04\/disques-1536x551.png 1536w, https:\/\/processinformatique.fr\/wp-content\/uploads\/2020\/04\/disques.png 1996w\" sizes=\"auto, (max-width: 1024px) 100vw, 1024px\" \/><\/p>\n<ul>\n<li>Pour ceux qui ont un ordinateur \u00e9quip\u00e9 de 2 ou 4 gigaoctets de m\u00e9moire, optez pour une mise \u00e0 jour \u00e0 8 gigaoctets, cela vous apporte plus de rapidit\u00e9 et plus de fluidit\u00e9 pour vos applications gourmandes en m\u00e9moire.<\/li>\n<\/ul>\n<p style=\"text-align: center;\"><img loading=\"lazy\" decoding=\"async\" class=\"alignnone size-medium wp-image-49\" src=\"https:\/\/processinformatique.fr\/wp-content\/uploads\/2020\/04\/memoire-300x138.png\" alt=\"\" width=\"300\" height=\"138\" srcset=\"https:\/\/processinformatique.fr\/wp-content\/uploads\/2020\/04\/memoire-300x138.png 300w, https:\/\/processinformatique.fr\/wp-content\/uploads\/2020\/04\/memoire.png 638w\" sizes=\"auto, (max-width: 300px) 100vw, 300px\" \/><\/p>\n<p>\u00a0<\/p>\n<ul>\n<li style=\"text-align: center;\">Votre ordinateur surchauffe, il se fige et il plante. La cause est souvent l\u2019encrassement de son syst\u00e8me de refroidissement CPU, GPU ou des ventilateurs.<\/li>\n<\/ul>\n<p style=\"text-align: center;\">Voici quelques exemples d\u2019encrassement. Un entretien en atelier s\u2019impose!<\/p>\n<p style=\"text-align: center;\"><img loading=\"lazy\" decoding=\"async\" class=\"alignnone size-medium wp-image-51\" src=\"https:\/\/processinformatique.fr\/wp-content\/uploads\/2020\/04\/Sans-titre-300x225.png\" alt=\"\" width=\"300\" height=\"225\" srcset=\"https:\/\/processinformatique.fr\/wp-content\/uploads\/2020\/04\/Sans-titre-300x225.png 300w, https:\/\/processinformatique.fr\/wp-content\/uploads\/2020\/04\/Sans-titre-768x576.png 768w, https:\/\/processinformatique.fr\/wp-content\/uploads\/2020\/04\/Sans-titre.png 794w\" sizes=\"auto, (max-width: 300px) 100vw, 300px\" \/> <img loading=\"lazy\" decoding=\"async\" class=\"alignnone size-medium wp-image-50\" src=\"https:\/\/processinformatique.fr\/wp-content\/uploads\/2020\/04\/Sans-titr1e-300x225.png\" alt=\"\" width=\"300\" height=\"225\" srcset=\"https:\/\/processinformatique.fr\/wp-content\/uploads\/2020\/04\/Sans-titr1e-300x225.png 300w, https:\/\/processinformatique.fr\/wp-content\/uploads\/2020\/04\/Sans-titr1e-768x576.png 768w, https:\/\/processinformatique.fr\/wp-content\/uploads\/2020\/04\/Sans-titr1e.png 792w\" sizes=\"auto, (max-width: 300px) 100vw, 300px\" \/> <img loading=\"lazy\" decoding=\"async\" class=\"alignnone size-medium wp-image-15\" src=\"https:\/\/processinformatique.fr\/wp-content\/uploads\/2020\/04\/7-300x225.png\" alt=\"\" width=\"300\" height=\"225\" srcset=\"https:\/\/processinformatique.fr\/wp-content\/uploads\/2020\/04\/7-300x225.png 300w, https:\/\/processinformatique.fr\/wp-content\/uploads\/2020\/04\/7-768x576.png 768w, https:\/\/processinformatique.fr\/wp-content\/uploads\/2020\/04\/7.png 832w\" sizes=\"auto, (max-width: 300px) 100vw, 300px\" \/> <img loading=\"lazy\" decoding=\"async\" class=\"alignnone size-medium wp-image-16\" src=\"https:\/\/processinformatique.fr\/wp-content\/uploads\/2020\/04\/8-300x225.png\" alt=\"\" width=\"300\" height=\"225\" srcset=\"https:\/\/processinformatique.fr\/wp-content\/uploads\/2020\/04\/8-300x225.png 300w, https:\/\/processinformatique.fr\/wp-content\/uploads\/2020\/04\/8-768x576.png 768w, https:\/\/processinformatique.fr\/wp-content\/uploads\/2020\/04\/8.png 822w\" sizes=\"auto, (max-width: 300px) 100vw, 300px\" \/> <img loading=\"lazy\" decoding=\"async\" class=\"alignnone size-medium wp-image-17\" src=\"https:\/\/processinformatique.fr\/wp-content\/uploads\/2020\/04\/9-300x225.png\" alt=\"\" width=\"300\" height=\"225\" srcset=\"https:\/\/processinformatique.fr\/wp-content\/uploads\/2020\/04\/9-300x225.png 300w, https:\/\/processinformatique.fr\/wp-content\/uploads\/2020\/04\/9-768x576.png 768w, https:\/\/processinformatique.fr\/wp-content\/uploads\/2020\/04\/9.png 822w\" sizes=\"auto, (max-width: 300px) 100vw, 300px\" \/> <img loading=\"lazy\" decoding=\"async\" class=\"alignnone size-medium wp-image-18\" src=\"https:\/\/processinformatique.fr\/wp-content\/uploads\/2020\/04\/10-300x225.png\" alt=\"\" width=\"300\" height=\"225\" srcset=\"https:\/\/processinformatique.fr\/wp-content\/uploads\/2020\/04\/10-300x225.png 300w, https:\/\/processinformatique.fr\/wp-content\/uploads\/2020\/04\/10-768x576.png 768w, https:\/\/processinformatique.fr\/wp-content\/uploads\/2020\/04\/10.png 786w\" sizes=\"auto, (max-width: 300px) 100vw, 300px\" \/> <img loading=\"lazy\" decoding=\"async\" class=\"alignnone size-medium wp-image-12\" src=\"https:\/\/processinformatique.fr\/wp-content\/uploads\/2020\/04\/4-300x225.png\" alt=\"\" width=\"300\" height=\"225\" srcset=\"https:\/\/processinformatique.fr\/wp-content\/uploads\/2020\/04\/4-300x225.png 300w, https:\/\/processinformatique.fr\/wp-content\/uploads\/2020\/04\/4-768x576.png 768w, https:\/\/processinformatique.fr\/wp-content\/uploads\/2020\/04\/4.png 832w\" sizes=\"auto, (max-width: 300px) 100vw, 300px\" \/> <img loading=\"lazy\" decoding=\"async\" class=\"alignnone size-medium wp-image-11\" src=\"https:\/\/processinformatique.fr\/wp-content\/uploads\/2020\/04\/3-300x225.png\" alt=\"\" width=\"300\" height=\"225\" srcset=\"https:\/\/processinformatique.fr\/wp-content\/uploads\/2020\/04\/3-300x225.png 300w, https:\/\/processinformatique.fr\/wp-content\/uploads\/2020\/04\/3-768x576.png 768w, https:\/\/processinformatique.fr\/wp-content\/uploads\/2020\/04\/3.png 840w\" sizes=\"auto, (max-width: 300px) 100vw, 300px\" \/> <img loading=\"lazy\" decoding=\"async\" class=\"alignnone size-medium wp-image-10\" src=\"https:\/\/processinformatique.fr\/wp-content\/uploads\/2020\/04\/2-300x225.png\" alt=\"\" width=\"300\" height=\"225\" srcset=\"https:\/\/processinformatique.fr\/wp-content\/uploads\/2020\/04\/2-300x225.png 300w, https:\/\/processinformatique.fr\/wp-content\/uploads\/2020\/04\/2-768x576.png 768w, https:\/\/processinformatique.fr\/wp-content\/uploads\/2020\/04\/2.png 840w\" sizes=\"auto, (max-width: 300px) 100vw, 300px\" \/> <img loading=\"lazy\" decoding=\"async\" class=\"alignnone size-medium wp-image-13\" src=\"https:\/\/processinformatique.fr\/wp-content\/uploads\/2020\/04\/5-300x225.png\" alt=\"\" width=\"300\" height=\"225\" srcset=\"https:\/\/processinformatique.fr\/wp-content\/uploads\/2020\/04\/5-300x225.png 300w, https:\/\/processinformatique.fr\/wp-content\/uploads\/2020\/04\/5-768x576.png 768w, https:\/\/processinformatique.fr\/wp-content\/uploads\/2020\/04\/5.png 832w\" sizes=\"auto, (max-width: 300px) 100vw, 300px\" \/> <img loading=\"lazy\" decoding=\"async\" class=\"alignnone size-medium wp-image-14\" src=\"https:\/\/processinformatique.fr\/wp-content\/uploads\/2020\/04\/6-300x225.png\" alt=\"\" width=\"300\" height=\"225\" srcset=\"https:\/\/processinformatique.fr\/wp-content\/uploads\/2020\/04\/6-300x225.png 300w, https:\/\/processinformatique.fr\/wp-content\/uploads\/2020\/04\/6-768x576.png 768w, https:\/\/processinformatique.fr\/wp-content\/uploads\/2020\/04\/6.png 832w\" sizes=\"auto, (max-width: 300px) 100vw, 300px\" \/><\/p>\n<p>\u00a0<\/p>\n\n<div\n\t\t\t\n\t\t\tclass=\"so-widget-sow-post-carousel so-widget-sow-post-carousel-base-ad93eedad001\"\n\t\t\t\n\t\t><\/div>","protected":false},"excerpt":{"rendered":"<p>Voici quelques id\u00e9es pour rendre votre PC plus performant. Donnez \u00e0 votre ordinateur un coup de jeunesse en installant un disque SSD (Solid State Drive) Cette technologie est beaucoup plus&hellip;<\/p>\n","protected":false},"author":1,"featured_media":22,"parent":0,"menu_order":0,"comment_status":"closed","ping_status":"closed","template":"","meta":{"footnotes":""},"class_list":["post-122","page","type-page","status-publish","has-post-thumbnail","hentry"],"yoast_head":"<!-- This site is optimized with the Yoast SEO plugin v27.3 - https:\/\/yoast.com\/product\/yoast-seo-wordpress\/ -->\n<title>Nos conseils - Performance - Process informatique<\/title>\n<meta name=\"description\" content=\"Quelques id\u00e9es pour rendre votre PC plus performant...\" \/>\n<meta name=\"robots\" content=\"index, follow, max-snippet:-1, max-image-preview:large, max-video-preview:-1\" \/>\n<link rel=\"canonical\" href=\"https:\/\/processinformatique.fr\/index.php\/nos-conseils-performance\/\" \/>\n<meta property=\"og:locale\" content=\"fr_FR\" \/>\n<meta property=\"og:type\" content=\"article\" \/>\n<meta property=\"og:title\" content=\"Nos conseils - Performance - Process informatique\" \/>\n<meta property=\"og:description\" content=\"Quelques id\u00e9es pour rendre votre PC plus performant...\" \/>\n<meta property=\"og:url\" content=\"https:\/\/processinformatique.fr\/index.php\/nos-conseils-performance\/\" \/>\n<meta property=\"og:site_name\" content=\"Process informatique\" \/>\n<meta property=\"article:modified_time\" content=\"2020-04-21T16:33:03+00:00\" \/>\n<meta property=\"og:image\" content=\"https:\/\/processinformatique.fr\/wp-content\/uploads\/2020\/04\/disque-ssd.png\" \/>\n\t<meta property=\"og:image:width\" content=\"350\" \/>\n\t<meta property=\"og:image:height\" content=\"220\" \/>\n\t<meta property=\"og:image:type\" content=\"image\/png\" \/>\n<meta name=\"twitter:card\" content=\"summary_large_image\" \/>\n<meta name=\"twitter:label1\" content=\"Dur\u00e9e de lecture estim\u00e9e\" \/>\n\t<meta name=\"twitter:data1\" content=\"1 minute\" \/>\n<script type=\"application\/ld+json\" class=\"yoast-schema-graph\">{\"@context\":\"https:\\\/\\\/schema.org\",\"@graph\":[{\"@type\":\"WebPage\",\"@id\":\"https:\\\/\\\/processinformatique.fr\\\/index.php\\\/nos-conseils-performance\\\/\",\"url\":\"https:\\\/\\\/processinformatique.fr\\\/index.php\\\/nos-conseils-performance\\\/\",\"name\":\"Nos conseils - Performance - Process informatique\",\"isPartOf\":{\"@id\":\"https:\\\/\\\/processinformatique.fr\\\/#website\"},\"primaryImageOfPage\":{\"@id\":\"https:\\\/\\\/processinformatique.fr\\\/index.php\\\/nos-conseils-performance\\\/#primaryimage\"},\"image\":{\"@id\":\"https:\\\/\\\/processinformatique.fr\\\/index.php\\\/nos-conseils-performance\\\/#primaryimage\"},\"thumbnailUrl\":\"https:\\\/\\\/processinformatique.fr\\\/wp-content\\\/uploads\\\/2020\\\/04\\\/disque-ssd.png\",\"datePublished\":\"2020-04-16T17:28:30+00:00\",\"dateModified\":\"2020-04-21T16:33:03+00:00\",\"description\":\"Quelques id\u00e9es pour rendre votre PC plus performant...\",\"breadcrumb\":{\"@id\":\"https:\\\/\\\/processinformatique.fr\\\/index.php\\\/nos-conseils-performance\\\/#breadcrumb\"},\"inLanguage\":\"fr-FR\",\"potentialAction\":[{\"@type\":\"ReadAction\",\"target\":[\"https:\\\/\\\/processinformatique.fr\\\/index.php\\\/nos-conseils-performance\\\/\"]}]},{\"@type\":\"ImageObject\",\"inLanguage\":\"fr-FR\",\"@id\":\"https:\\\/\\\/processinformatique.fr\\\/index.php\\\/nos-conseils-performance\\\/#primaryimage\",\"url\":\"https:\\\/\\\/processinformatique.fr\\\/wp-content\\\/uploads\\\/2020\\\/04\\\/disque-ssd.png\",\"contentUrl\":\"https:\\\/\\\/processinformatique.fr\\\/wp-content\\\/uploads\\\/2020\\\/04\\\/disque-ssd.png\",\"width\":350,\"height\":220},{\"@type\":\"BreadcrumbList\",\"@id\":\"https:\\\/\\\/processinformatique.fr\\\/index.php\\\/nos-conseils-performance\\\/#breadcrumb\",\"itemListElement\":[{\"@type\":\"ListItem\",\"position\":1,\"name\":\"Accueil\",\"item\":\"https:\\\/\\\/processinformatique.fr\\\/\"},{\"@type\":\"ListItem\",\"position\":2,\"name\":\"Nos conseils &#8211; Performance\"}]},{\"@type\":\"WebSite\",\"@id\":\"https:\\\/\\\/processinformatique.fr\\\/#website\",\"url\":\"https:\\\/\\\/processinformatique.fr\\\/\",\"name\":\"Process informatique\",\"description\":\"\",\"publisher\":{\"@id\":\"https:\\\/\\\/processinformatique.fr\\\/#organization\"},\"potentialAction\":[{\"@type\":\"SearchAction\",\"target\":{\"@type\":\"EntryPoint\",\"urlTemplate\":\"https:\\\/\\\/processinformatique.fr\\\/?s={search_term_string}\"},\"query-input\":{\"@type\":\"PropertyValueSpecification\",\"valueRequired\":true,\"valueName\":\"search_term_string\"}}],\"inLanguage\":\"fr-FR\"},{\"@type\":\"Organization\",\"@id\":\"https:\\\/\\\/processinformatique.fr\\\/#organization\",\"name\":\"Process informatique\",\"url\":\"https:\\\/\\\/processinformatique.fr\\\/\",\"logo\":{\"@type\":\"ImageObject\",\"inLanguage\":\"fr-FR\",\"@id\":\"https:\\\/\\\/processinformatique.fr\\\/#\\\/schema\\\/logo\\\/image\\\/\",\"url\":\"https:\\\/\\\/processinformatique.fr\\\/wp-content\\\/uploads\\\/2020\\\/04\\\/ID-Mehdi-copie-2.png\",\"contentUrl\":\"https:\\\/\\\/processinformatique.fr\\\/wp-content\\\/uploads\\\/2020\\\/04\\\/ID-Mehdi-copie-2.png\",\"width\":326,\"height\":159,\"caption\":\"Process informatique\"},\"image\":{\"@id\":\"https:\\\/\\\/processinformatique.fr\\\/#\\\/schema\\\/logo\\\/image\\\/\"}}]}<\/script>\n<!-- \/ Yoast SEO plugin. -->","yoast_head_json":{"title":"Nos conseils - Performance - Process informatique","description":"Quelques id\u00e9es pour rendre votre PC plus performant...","robots":{"index":"index","follow":"follow","max-snippet":"max-snippet:-1","max-image-preview":"max-image-preview:large","max-video-preview":"max-video-preview:-1"},"canonical":"https:\/\/processinformatique.fr\/index.php\/nos-conseils-performance\/","og_locale":"fr_FR","og_type":"article","og_title":"Nos conseils - Performance - Process informatique","og_description":"Quelques id\u00e9es pour rendre votre PC plus performant...","og_url":"https:\/\/processinformatique.fr\/index.php\/nos-conseils-performance\/","og_site_name":"Process informatique","article_modified_time":"2020-04-21T16:33:03+00:00","og_image":[{"width":350,"height":220,"url":"https:\/\/processinformatique.fr\/wp-content\/uploads\/2020\/04\/disque-ssd.png","type":"image\/png"}],"twitter_card":"summary_large_image","twitter_misc":{"Dur\u00e9e de lecture estim\u00e9e":"1 minute"},"schema":{"@context":"https:\/\/schema.org","@graph":[{"@type":"WebPage","@id":"https:\/\/processinformatique.fr\/index.php\/nos-conseils-performance\/","url":"https:\/\/processinformatique.fr\/index.php\/nos-conseils-performance\/","name":"Nos conseils - Performance - Process informatique","isPartOf":{"@id":"https:\/\/processinformatique.fr\/#website"},"primaryImageOfPage":{"@id":"https:\/\/processinformatique.fr\/index.php\/nos-conseils-performance\/#primaryimage"},"image":{"@id":"https:\/\/processinformatique.fr\/index.php\/nos-conseils-performance\/#primaryimage"},"thumbnailUrl":"https:\/\/processinformatique.fr\/wp-content\/uploads\/2020\/04\/disque-ssd.png","datePublished":"2020-04-16T17:28:30+00:00","dateModified":"2020-04-21T16:33:03+00:00","description":"Quelques id\u00e9es pour rendre votre PC plus performant...","breadcrumb":{"@id":"https:\/\/processinformatique.fr\/index.php\/nos-conseils-performance\/#breadcrumb"},"inLanguage":"fr-FR","potentialAction":[{"@type":"ReadAction","target":["https:\/\/processinformatique.fr\/index.php\/nos-conseils-performance\/"]}]},{"@type":"ImageObject","inLanguage":"fr-FR","@id":"https:\/\/processinformatique.fr\/index.php\/nos-conseils-performance\/#primaryimage","url":"https:\/\/processinformatique.fr\/wp-content\/uploads\/2020\/04\/disque-ssd.png","contentUrl":"https:\/\/processinformatique.fr\/wp-content\/uploads\/2020\/04\/disque-ssd.png","width":350,"height":220},{"@type":"BreadcrumbList","@id":"https:\/\/processinformatique.fr\/index.php\/nos-conseils-performance\/#breadcrumb","itemListElement":[{"@type":"ListItem","position":1,"name":"Accueil","item":"https:\/\/processinformatique.fr\/"},{"@type":"ListItem","position":2,"name":"Nos conseils &#8211; Performance"}]},{"@type":"WebSite","@id":"https:\/\/processinformatique.fr\/#website","url":"https:\/\/processinformatique.fr\/","name":"Process informatique","description":"","publisher":{"@id":"https:\/\/processinformatique.fr\/#organization"},"potentialAction":[{"@type":"SearchAction","target":{"@type":"EntryPoint","urlTemplate":"https:\/\/processinformatique.fr\/?s={search_term_string}"},"query-input":{"@type":"PropertyValueSpecification","valueRequired":true,"valueName":"search_term_string"}}],"inLanguage":"fr-FR"},{"@type":"Organization","@id":"https:\/\/processinformatique.fr\/#organization","name":"Process informatique","url":"https:\/\/processinformatique.fr\/","logo":{"@type":"ImageObject","inLanguage":"fr-FR","@id":"https:\/\/processinformatique.fr\/#\/schema\/logo\/image\/","url":"https:\/\/processinformatique.fr\/wp-content\/uploads\/2020\/04\/ID-Mehdi-copie-2.png","contentUrl":"https:\/\/processinformatique.fr\/wp-content\/uploads\/2020\/04\/ID-Mehdi-copie-2.png","width":326,"height":159,"caption":"Process informatique"},"image":{"@id":"https:\/\/processinformatique.fr\/#\/schema\/logo\/image\/"}}]}},"_links":{"self":[{"href":"https:\/\/processinformatique.fr\/index.php\/wp-json\/wp\/v2\/pages\/122","targetHints":{"allow":["GET"]}}],"collection":[{"href":"https:\/\/processinformatique.fr\/index.php\/wp-json\/wp\/v2\/pages"}],"about":[{"href":"https:\/\/processinformatique.fr\/index.php\/wp-json\/wp\/v2\/types\/page"}],"author":[{"embeddable":true,"href":"https:\/\/processinformatique.fr\/index.php\/wp-json\/wp\/v2\/users\/1"}],"replies":[{"embeddable":true,"href":"https:\/\/processinformatique.fr\/index.php\/wp-json\/wp\/v2\/comments?post=122"}],"version-history":[{"count":18,"href":"https:\/\/processinformatique.fr\/index.php\/wp-json\/wp\/v2\/pages\/122\/revisions"}],"predecessor-version":[{"id":170,"href":"https:\/\/processinformatique.fr\/index.php\/wp-json\/wp\/v2\/pages\/122\/revisions\/170"}],"wp:featuredmedia":[{"embeddable":true,"href":"https:\/\/processinformatique.fr\/index.php\/wp-json\/wp\/v2\/media\/22"}],"wp:attachment":[{"href":"https:\/\/processinformatique.fr\/index.php\/wp-json\/wp\/v2\/media?parent=122"}],"curies":[{"name":"wp","href":"https:\/\/api.w.org\/{rel}","templated":true}]}}